{"id":224,"date":"2013-10-30T16:03:02","date_gmt":"2013-10-30T16:03:02","guid":{"rendered":"http:\/\/mushroomreishi.com\/?page_id=224"},"modified":"2013-10-30T16:03:02","modified_gmt":"2013-10-30T16:03:02","slug":"der-brasilianische-mandelegerling-agaricus-blazei","status":"publish","type":"page","link":"https:\/\/mexikanischetortillas.de\/en\/der-brasilianische-mandelegerling-agaricus-blazei\/","title":{"rendered":"Der Brasilianische Mandelegerling \/ Agaricus blazei"},"content":{"rendered":"<p><a href=\"https:\/\/i0.wp.com\/mushroomreishi.com\/wp-content\/uploads\/2013\/10\/IMG_5878-e1382975754826.jpg\"><img data-recalc-dims=\"1\" loading=\"lazy\" decoding=\"async\" class=\"alignnone size-full wp-image-100\" alt=\"IMG_5878\" src=\"https:\/\/i0.wp.com\/mushroomreishi.com\/wp-content\/uploads\/2013\/10\/IMG_5878-e1382975754826.jpg?resize=678%2C678\" width=\"678\" height=\"678\" srcset=\"https:\/\/i0.wp.com\/mexikanischetortillas.de\/wp-content\/uploads\/2013\/10\/IMG_5878-e1382975754826.jpg?w=2033&amp;ssl=1 2033w, https:\/\/i0.wp.com\/mexikanischetortillas.de\/wp-content\/uploads\/2013\/10\/IMG_5878-e1382975754826.jpg?resize=150%2C150&amp;ssl=1 150w, https:\/\/i0.wp.com\/mexikanischetortillas.de\/wp-content\/uploads\/2013\/10\/IMG_5878-e1382975754826.jpg?resize=100%2C100&amp;ssl=1 100w, https:\/\/i0.wp.com\/mexikanischetortillas.de\/wp-content\/uploads\/2013\/10\/IMG_5878-e1382975754826.jpg?resize=300%2C300&amp;ssl=1 300w, https:\/\/i0.wp.com\/mexikanischetortillas.de\/wp-content\/uploads\/2013\/10\/IMG_5878-e1382975754826.jpg?resize=1024%2C1024&amp;ssl=1 1024w, https:\/\/i0.wp.com\/mexikanischetortillas.de\/wp-content\/uploads\/2013\/10\/IMG_5878-e1382975754826.jpg?w=1356 1356w\" sizes=\"auto, (max-width: 678px) 100vw, 678px\" \/><\/a><\/p>\n<p><b>Der Agaricus blazei murrill ist einer der wichtigsten Heil- und Vitalpilze, da er das Abwehrsystem wie kein anderer Vitalpilz effektiv stimulieren kann. Mit seinen wichtigen ausgewogenen Bioaktivstoffen kann er therapeutisch f\u00fcr viele Erkrankungen des Alltages eingesetzt werden. Dieser Speisepilz, der in der Verwandtschaft mit dem Champignon steht, wird auch als Sonnen- oder Mandelpilz bezeichnet. <\/b><\/p>\n<p><b>\u00a0<\/b><\/p>\n<p>Der Agaricus blazei murrill hat viele positive Wirkungen.<\/p>\n<p>Urspr\u00fcnglich kommt diese Pilzart aus dem brasilianischen Regenwald. Heute ist dieser wichtige Medizinal- und Vitalpilz in den verschiedenen L\u00e4ndern Asiens bereits kultiviert und wird erfolgreich gez\u00fcchtet. Der ABM reguliert das gesamte Immunsystem, so dass er seine volle Wirksamkeit bei Autoimmunerkrankungen und auch Tumoren jedes Mal unter Beweis stellen kann.<\/p>\n<p>Neben diesen Eigenschaften konnten durch wissenschaftliche Studien die immunmodulierende, antiallergische, antidiabetische, antiphlogistische (entz\u00fcndungshemmende), antibakterielle und auch antivirale Wirkung bewiesen werden.<\/p>\n<p><b>Bioaktive Substanzen des Agaricus blazei murrill: <\/b><\/p>\n<p>Er enth\u00e4lt eine wirkungsvolle Kombination von <b>Vitaminen<\/b>, wie z.B. Vitamin B2 (Riboflavin), Vitamin B3 (Niacin), Vitamin B7 oder H (Biotin), Vitamin B9 (Fols\u00e4ure) und Ergosterin, das Provitamin D2, <b>Mineralstoffe<\/b>, wie z.B. Zink, Kalium, Calcium, Eisen und Magnesium. Des Weiteren enth\u00e4lt er wichtige Aminos\u00e4uren und einen besonders hohen Anteil an den wichtigen Polysacchariden.<\/p>\n<p>Au\u00dferdem wurden bei den wissenschaftlichen Studien Beta-D-Glucane festgestellt. Diese Fraktion regt das Abwehrsystem an. Es werden hierdurch die Aussch\u00fcttung \u00a0der nat\u00fcrlichen Killerzellen und die Makrophagen (die so genannten Fresszellen) aktiviert. Diese wiederum sind f\u00fcr die Vernichtung von Bakterien, Viren und Fremdstoffen zust\u00e4ndig. Es werden chemische Botenstoffe (Interferon und Interleukin) aktiviert, welche die Abwehrvorg\u00e4nge regulieren.<\/p>\n<p>Und genau diese effektive Vitamin-Mineralstoff-Aminos\u00e4uren-Polysaccharid-Beta-D-Glucane-Kombination wirkt auf das Wachstum und deren R\u00fcckbildung von Tumoren sehr effektiv ein (antikanzerogene und tumorhemmende Effekte).<\/p>\n<p><b>Stimulation des Immunsystems<\/b><\/p>\n<p>Der wachsende Tumor hat im Organismus nur eine \u00dcberlebenschance, wenn er sich direkt durch die Angiogenese (Gef\u00e4\u00dfneubildung) an das bestehende Gef\u00e4\u00dfsystem andockt. Und genau hier setzt die Wirkung des ABM ein. Die Bioaktivsubstanz Ergosterin stoppt die Gef\u00e4\u00dfneubildung und zwingt den Tumor zum programmierten Zelltod, zur so genannten Apoptose.<\/p>\n<p>Das gesamte Immunsystem wird effektiv durch die Einnahme dieses Vital- und Medizinalpilzes stimuliert. Es kommt zu einem deutlichen Anstieg und der Aktivierung von T-Lymphozyten, der Makrophagen, den so genannten Fresszellen. Zeitgleich werden die nat\u00fcrlichen Killerzellen, die sogenannten NK-Zellen f\u00fcr die Zerst\u00f6rung von Viren, Bakterien und krankmachenden Pilzsporen vermehrt zum Einsatz gebracht.<\/p>\n<p>Der ABM f\u00f6rdert die Blutbildung direkt im Knochenmark und kann daher gut w\u00e4hrend einer Chemo- oder Strahlenbehandlung eingenommen werden. Es wird durch seine bioaktiven Substanzen au\u00dferdem das Blut gereinigt und das gesamte lymphatische Abwehrsystem gest\u00e4rkt.<\/p>\n<p>Durch seine Immunmodulation k\u00f6nnen allergische Reaktionen jeglicher Art gemildert bzw. beseitigt werden. Durch die Einnahme von 1.500 mg dieses Vital- oder Heilpilzes konnte des Weiteren festgestellt werden, dass eine adjuvante (begleitende) Therapie die Insulinresistenz bei Diabetes mellitus Typ 2 verbessert.<\/p>\n<p><b>Der Agaricus blazei murrill (ABM) kann bei folgenden Erkrankungen eingenommen werden:<\/b><\/p>\n<ul>\n<li>Begleitende Tumorbehandlungen und Tumorvorsorge<\/li>\n<li>Bei Brust-, Bauchspeicheldr\u00fcsen-, Eierstock-, Haut-, Magen-Darm-, Leber-, Vorsteherdr\u00fcsen-, Leuk\u00e4mien und Gehirntumoren, sowie das Entgegenwirken von Metastasen (Tochtergeschw\u00fclste).<\/li>\n<li>Multiple Sklerose<\/li>\n<li>Morbus Alzheimer und Morbus Parkinson<\/li>\n<li>Rheumatische Erkrankungen und Fibromyalgie (Weichteilrheumatismus)<\/li>\n<li>Autoimmunerkrankungen der Bauchspeicheldr\u00fcse (Diabetes Typ I und II)<\/li>\n<li>Autoimmunerkrankung der Schilddr\u00fcse (Hashimoto Thyreoiditis) sowie Immunschw\u00e4che, HI-Virus-Infektionen<\/li>\n<li>Bronchitiden und Asthma bronchiale<\/li>\n<li>Burn-out-Syndrom bzw. Fatigue-Syndrom bei Tumorerkrankungen<\/li>\n<li>Herzschw\u00e4che und Angina pectoris-Anf\u00e4lle<\/li>\n<li>Kopfschmerzen und Migr\u00e4ne-Attacken<\/li>\n<li>Virale, bakterielle und fungizide Infektionen, wie Herpes zoster, Harnblasenentz\u00fcndungen, grippale Infekte, Bronchitiden bis hin zur Pneumonie (Lungenentz\u00fcndung), etc.<\/li>\n<li>Unterst\u00fctzung und Ausheilung von Dermatosen (Hauterkrankungen)<\/li>\n<li>Blutdruck- und Fettstoffwechsel-Regulation (Bluthochdruck und zu hoher Cholesterinspiegel)<\/li>\n<li>Behandlung von allergischen Reaktionen<\/li>\n<li>Verringerung von Entz\u00fcndungsvorg\u00e4ngen jeglicher Art<\/li>\n<li>Darmregulierung und Behandlung von Verdauungsst\u00f6rungen<\/li>\n<li>Verringerung der Nebenwirkungen bei Zytostatika-Therapie (Chemo- oder Strahlentherapie)<\/li>\n<li>Gastritis (Magenschleimhautentz\u00fcndung)<\/li>\n<\/ul>\n<p>Beim kleinsten Anzeichen einer Erk\u00e4ltung oder eines grippalen Infektes kann der Agaricus blazei murrill in Kombination mit dem Coriolus versicolor jeweils dreimal t\u00e4glich eingenommen werden<\/p>\n<p>&nbsp;<\/p>","protected":false},"excerpt":{"rendered":"<p>Der Agaricus blazei murrill ist einer der wichtigsten Heil- und Vitalpilze, da er das Abwehrsystem wie kein anderer Vitalpilz effektiv stimulieren kann. Mit seinen wichtigen ausgewogenen Bioaktivstoffen kann er therapeutisch <a class=\"more-link\" href=\"https:\/\/mexikanischetortillas.de\/en\/der-brasilianische-mandelegerling-agaricus-blazei\/\">Continue Reading \u2192<\/a><\/p>","protected":false},"author":1,"featured_media":0,"parent":0,"menu_order":9,"comment_status":"open","ping_status":"open","template":"","meta":{"footnotes":""},"class_list":["post-224","page","type-page","status-publish","hentry"],"_links":{"self":[{"href":"https:\/\/mexikanischetortillas.de\/en\/wp-json\/wp\/v2\/pages\/224","targetHints":{"allow":["GET"]}}],"collection":[{"href":"https:\/\/mexikanischetortillas.de\/en\/wp-json\/wp\/v2\/pages"}],"about":[{"href":"https:\/\/mexikanischetortillas.de\/en\/wp-json\/wp\/v2\/types\/page"}],"author":[{"embeddable":true,"href":"https:\/\/mexikanischetortillas.de\/en\/wp-json\/wp\/v2\/users\/1"}],"replies":[{"embeddable":true,"href":"https:\/\/mexikanischetortillas.de\/en\/wp-json\/wp\/v2\/comments?post=224"}],"version-history":[{"count":1,"href":"https:\/\/mexikanischetortillas.de\/en\/wp-json\/wp\/v2\/pages\/224\/revisions"}],"predecessor-version":[{"id":225,"href":"https:\/\/mexikanischetortillas.de\/en\/wp-json\/wp\/v2\/pages\/224\/revisions\/225"}],"wp:attachment":[{"href":"https:\/\/mexikanischetortillas.de\/en\/wp-json\/wp\/v2\/media?parent=224"}],"curies":[{"name":"wp","href":"https:\/\/api.w.org\/{rel}","templated":true}]}}