{"id":228,"date":"2013-10-30T16:08:30","date_gmt":"2013-10-30T16:08:30","guid":{"rendered":"http:\/\/mushroomreishi.com\/?page_id=228"},"modified":"2013-11-04T20:02:19","modified_gmt":"2013-11-04T20:02:19","slug":"reishi-lackporling-ganoderma-lucidum","status":"publish","type":"page","link":"https:\/\/mexikanischetortillas.de\/en\/reishi-lackporling-ganoderma-lucidum\/","title":{"rendered":"Reishi \/ Lackporling \/ Ganoderma lucidum"},"content":{"rendered":"<p><a href=\"https:\/\/i0.wp.com\/mushroomreishi.com\/wp-content\/uploads\/2013\/10\/2006-10-26-011-e1382996161596.jpg\"><img data-recalc-dims=\"1\" loading=\"lazy\" decoding=\"async\" class=\"alignnone size-full wp-image-133\" alt=\"Exif JPEG\" src=\"https:\/\/i0.wp.com\/mushroomreishi.com\/wp-content\/uploads\/2013\/10\/2006-10-26-011-e1382996161596.jpg?resize=678%2C678\" width=\"678\" height=\"678\" srcset=\"https:\/\/i0.wp.com\/mexikanischetortillas.de\/wp-content\/uploads\/2013\/10\/2006-10-26-011-e1382996161596.jpg?w=1028&amp;ssl=1 1028w, https:\/\/i0.wp.com\/mexikanischetortillas.de\/wp-content\/uploads\/2013\/10\/2006-10-26-011-e1382996161596.jpg?resize=150%2C150&amp;ssl=1 150w, https:\/\/i0.wp.com\/mexikanischetortillas.de\/wp-content\/uploads\/2013\/10\/2006-10-26-011-e1382996161596.jpg?resize=100%2C100&amp;ssl=1 100w, https:\/\/i0.wp.com\/mexikanischetortillas.de\/wp-content\/uploads\/2013\/10\/2006-10-26-011-e1382996161596.jpg?resize=300%2C300&amp;ssl=1 300w, https:\/\/i0.wp.com\/mexikanischetortillas.de\/wp-content\/uploads\/2013\/10\/2006-10-26-011-e1382996161596.jpg?resize=1024%2C1024&amp;ssl=1 1024w\" sizes=\"auto, (max-width: 678px) 100vw, 678px\" \/><\/a><\/p>\n<p><b>Der Vitalpilz Reishi (Ganoderma lucidum, Gl\u00e4nzender Lackporling, Ling Zhi) <\/b><\/p>\n<h2>Beschreibung<\/h2>\n<p style=\"font-size: 18px;\">Der Gl\u00e4nzende Lackporling ist ein derber Pilz mit einem etwa f\u00fcnf bis 20 Zentimeter hohem Hut, der an einem (meist) seitlichen Stiel sitzt. Der Hut des Fruchtk\u00f6rpers wird etwa ein bis drei Zentimeter dick. Der Fruchtk\u00f6rper ist mit einer gelblichen, sp\u00e4ter r\u00f6tlich (bis r\u00f6tlichbraun- oder r\u00f6tlich-schwarz) nachdunkelnden Harzschicht bedeckt. Diese Harzschicht schmilzt in einer Streichholz- oder Feuerzeugflamme. Der Rand des Pilzes ist wei\u00df, die Unterseite besteht aus einer wei\u00dflichen Porenschicht, pro Millimeter findet man etwa vier bis f\u00fcnf Poren. Der deutliche Stiel (manchmal nur als stielf\u00f6rmige Basis ausgebildet) ist rotbraun bis fast schwarz und purpur schimmernd.<\/p>\n<h2 style=\"font-size: 18px;\">Lebensweise<\/h2>\n<p style=\"font-size: 18px;\">Der Gl\u00e4nzende Lackporling ist ein holzbewohnender Saprophyt oder Schw\u00e4cheparasit der vor allem Laubh\u00f6lzer besiedelt. Als Substrat kommen vor allem Eichen in Frage, daneben weitere Laubgeh\u00f6lze, seltener Nadelh\u00f6lzer (Fichten und Kiefern). Der Pilz bewohnt vor allem w\u00e4rmebeg\u00fcnstigte Eichen- bzw. Eichenmischw\u00e4lder, daneben Rotbuchenw\u00e4lder, Hartholzauen. Au\u00dferhalb dieser Biotope kann der Gl\u00e4nzende Lackporling an Hecken, in Parks und an Wegr\u00e4ndern gefunden werden, wenn das entsprechende Substrat (Eichen oder Rotbuche) dort vorhanden ist. Die einj\u00e4hrigen Fruchtk\u00f6rper werden an Baumst\u00fcmpfen, Wurzeln oder an der Stammbasis lebender Wirtsb\u00e4ume gefunden.<\/p>\n<h2 style=\"font-size: 18px;\">Verbreitung<\/h2>\n<p style=\"font-size: 18px;\">Der Gl\u00e4nzende Lackporling ist wahrscheinlich weltweit verbreitet, doch bestehen darin Unsicherheiten vor allem wegen der noch unklaren Abgrenzung zu verwandten Formen. In der Holarktis ist die Art vor allem in mediterranen und gem\u00e4\u00dfigten Gegenden verbreitet, in Europa kommt sie bis ins s\u00fcdliche Skandinavien vor. In Deutschland ist der Gl\u00e4nzende Lackporling im gesamten Gebiet unregelm\u00e4\u00dfig zerstreut verbreitet.<\/p>\n<h2 style=\"font-size: 18px;\">Systematik<\/h2>\n<p style=\"font-size: 18px;\">Der Gl\u00e4nzende Lackporling geh\u00f6rt zu einem Komplex eng verwandter Sippen der Gattung <i>Ganoderma<\/i>, die sich teilweise nur durch die Substratwahl voneinander unterscheiden und deren taxonomischer Rang unklar ist. In Europa geh\u00f6ren zu diesem Komplex noch folgende Arten: Harziger Lackporling (<i>Ganoderma resinaceum<\/i>), Dunkler Lackporling (<i>Ganoderma carnosum<\/i>) und <i>Ganoderma valesiacum<\/i> (Form aus den Alpen und den Karpaten, dort auf L\u00e4rche). Au\u00dfereurop\u00e4ische Arten des Komplexes sind der auf Tsuga wachsende <i>Ganoderma tsugae<\/i> und <i>Ganoderma oregonese<\/i>. Aus Ostasien stammen <i>Ganoderma sinense<\/i> und <i>Ganoderma japonicum<\/i>.<\/p>\n<h2 style=\"font-size: 18px;\">Bedeutung<\/h2>\n<p style=\"font-size: 18px;\">Als Speisepilz kommt der Gl\u00e4nzende Lackporling nicht in Frage, als Holzsch\u00e4dling ist er unbedeutend.<\/p>\n<p style=\"font-size: 18px;\">In Ostasien wird der Pilz als Heilmittel verwendet. Therapeutische Anwendungen zielen oft auf die St\u00e4rkung des Immunsystems und der Leber und auf die Anregung des Stoffwechsels. Der therapeutische Nutzen von <i style=\"font-size: 18px;\">G. lucidum<\/i> enthaltenden Pr\u00e4paraten f\u00fcr die Behandlungen verschiedener Leiden oder Krankheiten ist durch Belege in der Fachliteratur gest\u00fctzt; viele der mutma\u00dflich daf\u00fcr verantwortlichen chemischen Substanzen sind unbekannt. Wie bei allen Heilpflanzen kann ihre <span style=\"font-size: 18px;\">Konzentration<\/span> im biologischen Material mitunter schwanken. Zudem kann durch Verwechslung mit anderen nahe verwandten Arten die Wirksamkeit von <i style=\"font-size: 18px;\">G. lucidum<\/i>-Pr\u00e4paraten beeintr\u00e4chtigt werden. Auch die Pilzsporen werden verwendet.<\/p>\n<p style=\"font-size: 18px;\">Aufgrund seiner h\u00e4ufigen Verwendung als medizinisches Heilmittel, besonders f\u00fcr neurotischen Erkrankungen und als St\u00e4rkungsmittel\u00a0 wird <i style=\"font-size: 18px;\">G. lucidum<\/i> auch als Kulturpflanze angebaut. Der chinesische Name Ling Zhi bedeutet \u201eGeist-Pflanze\u201c, andere gebr\u00e4uchliche chinesische Namen sind \u201ePilz der Unsterblichkeit\u201c, \u201eZehntausend-Jahre-Pilz\u201c, und \u201eKraut spiritueller Kraft\u201c. Er wird in China auch als \u201eK\u00f6nig der Heilkr\u00e4uter\u201c angesehen und in der Traditionellen Chinesischen Medizin als Heilpilz verwendet. Er gilt dort als ebenb\u00fcrtig zum Ginseng (<i>Panax ginseng<\/i>). Vermutlich wird der Pilz in China schon seit Jahrtausenden als Tonikum verwendet.<\/p>\n<p style=\"font-size: 18px;\">Der Gl\u00e4nzende Lackporling wird in zahlreichen Legenden erw\u00e4hnt und diente fr\u00fcher auch als Talisman. Er wurde in Geb\u00e4uden aufgeh\u00e4ngt, um Ungl\u00fccken vorzubeugen.<\/p>\n<p style=\"font-size: 18px;\">In dem Open-Source-Bier <i>Free Beer<\/i> wird dieser Pilz in Version 3.3 als &#8222;Gew\u00fcrz&#8220; verwendet.<\/p>\n<h2 style=\"font-size: 18px;\">Synonyme und weitere Namen<\/h2>\n<ul style=\"font-size: 18px;\">\n<li style=\"font-size: 18px;\"><i style=\"font-size: 18px;\">Ganoderma atkinsonii<\/i><\/li>\n<\/ul>\n<p style=\"font-size: 18px;\">Weitere Namen, unter denen er in Deutschland in alternativmedizinischen Kreisen bekannt ist, sind japanisch: <i>Reishi<\/i> (\u970a\u829d), koreanisch: <i>Jong Si<\/i> (eigentlich: <i>ry\u014fngji<\/i> \ub839\uc9c0 bzw. <i>yeongji<\/i> \u9748\u829d) oder chinesisch: <i>Ling Zhi<\/i> (<i>l\u00edngzh\u012b<\/i> \u7075\u829d).<\/p>\n<h2 style=\"font-size: 18px;\">Literatur<\/h2>\n<ul style=\"font-size: 18px;\">\n<li style=\"font-size: 18px;\">G.J. Krieglsteiner: <i>Die Gro\u00dfpilze Baden-W\u00fcrttembergs.<\/i> Band 1, Verlag Eugen Ulmer, Stuttgart, 2000, ISBN 3-8001-3528-0<\/li>\n<li style=\"font-size: 18px;\">J. Breitenbach; F. Kr\u00e4nzlin: <i>Pilze der Schweiz.<\/i> Band 2, Verlag Mykologia Luzern, 1986, ISBN 3-85604-010-2<\/li>\n<li style=\"font-size: 18px;\">P. Sch\u00fctt; H.J. Schuck, H.J.; B. Stimm: <i>Lexikon der Baum- und Straucharten.<\/i> Nikol-Verlagsgesellschaft mbH, Hamburg 2002<\/li>\n<li style=\"font-size: 18px;\">Gesellschaft f\u00fcr Vitalpilzkunde e.V.: <i>Vitalpilze<\/i>. Eigenverlag, ISBN 3-00-018106-7<\/li>\n<li style=\"font-size: 18px;\">Jan Lelley: <i>Die Heilkraft der Pilze<\/i>. ECON, D\u00fcsseldorf, M\u00fcnchen 1997, ISBN 3-430-15953-9.<\/li>\n<li style=\"font-size: 18px;\">Christopher Hobbs: <i>Medicinal Mushrooms<\/i>. Botanica Press, Santa Cruz 2003, ISBN 1570671435.<\/li>\n<li style=\"font-size: 18px;\">Frank-Daniel Schulten: <i>Ling Zhi. K\u00f6nig der Heilpilze<\/i> . Windpferd Verlagsgesellschaft 2003 (1. Aufl.) 978-3893854332. 88 Seiten.<\/li>\n<\/ul>\n<h2 style=\"font-size: 18px;\">Quellen: Wikipidea<\/h2>","protected":false},"excerpt":{"rendered":"<p>Der Vitalpilz Reishi (Ganoderma lucidum, Gl\u00e4nzender Lackporling, Ling Zhi) Beschreibung Der Gl\u00e4nzende Lackporling ist ein derber Pilz mit einem etwa f\u00fcnf bis 20 Zentimeter hohem Hut, der an einem (meist) <a class=\"more-link\" href=\"https:\/\/mexikanischetortillas.de\/en\/reishi-lackporling-ganoderma-lucidum\/\">Continue Reading \u2192<\/a><\/p>","protected":false},"author":1,"featured_media":0,"parent":0,"menu_order":11,"comment_status":"open","ping_status":"open","template":"","meta":{"footnotes":""},"class_list":["post-228","page","type-page","status-publish","hentry"],"_links":{"self":[{"href":"https:\/\/mexikanischetortillas.de\/en\/wp-json\/wp\/v2\/pages\/228","targetHints":{"allow":["GET"]}}],"collection":[{"href":"https:\/\/mexikanischetortillas.de\/en\/wp-json\/wp\/v2\/pages"}],"about":[{"href":"https:\/\/mexikanischetortillas.de\/en\/wp-json\/wp\/v2\/types\/page"}],"author":[{"embeddable":true,"href":"https:\/\/mexikanischetortillas.de\/en\/wp-json\/wp\/v2\/users\/1"}],"replies":[{"embeddable":true,"href":"https:\/\/mexikanischetortillas.de\/en\/wp-json\/wp\/v2\/comments?post=228"}],"version-history":[{"count":6,"href":"https:\/\/mexikanischetortillas.de\/en\/wp-json\/wp\/v2\/pages\/228\/revisions"}],"predecessor-version":[{"id":419,"href":"https:\/\/mexikanischetortillas.de\/en\/wp-json\/wp\/v2\/pages\/228\/revisions\/419"}],"wp:attachment":[{"href":"https:\/\/mexikanischetortillas.de\/en\/wp-json\/wp\/v2\/media?parent=228"}],"curies":[{"name":"wp","href":"https:\/\/api.w.org\/{rel}","templated":true}]}}