{"id":389,"date":"2013-11-04T17:04:54","date_gmt":"2013-11-04T17:04:54","guid":{"rendered":"http:\/\/mushroomreishi.com\/?page_id=389"},"modified":"2013-11-04T17:15:45","modified_gmt":"2013-11-04T17:15:45","slug":"shiitake-lentinula-edodes","status":"publish","type":"page","link":"https:\/\/mexikanischetortillas.de\/en\/shiitake-lentinula-edodes\/","title":{"rendered":"Shiitake \/ Lentinula edodes"},"content":{"rendered":"<p><a href=\"http:\/\/mushroomreishi.com\/wp-content\/uploads\/2013\/11\/shitake.bmp\"><img loading=\"lazy\" decoding=\"async\" class=\"wp-image-366 alignleft\" alt=\"shitake\" src=\"http:\/\/mushroomreishi.com\/wp-content\/uploads\/2013\/11\/shitake.bmp\" width=\"371\" height=\"240\" \/><\/a><\/p>\n<p style=\"font-size: 16px;\">Der <b>Shiitake<\/b> oder <b>Shii-Take<\/b> (<i>Lentinula edodes<\/i>, syn. <i>Lentinus edodes<\/i>) (chinesisch\u00a0\u9999\u83c7 \/ \u51ac\u83c7, japanisch \u690e\u8338) ist eine Pilzart aus der Familie der Schwindlingsverwandten (Marasmiaceae). Eine Zeit lang wurde er den Schwindlingsverwandten (Marasimiaceae) zugeordnet, klassisch wurde er unter den Ritterlingsverwandten (Tricholomataceae) eingereiht. Manchmal wird auch der eingedeutschte Name <b>Pasaniapilz<\/b> verwendet. Der japanische Name <i>Shiitake<\/i> bedeutet Pilz (<i>take<\/i>), der am Pasania-Baum (<i>shii<\/i>) w\u00e4chst; der Pilz wird im Deutschen daher auch <i>Satanspilz<\/i> genannt.<\/p>\n<p style=\"font-size: 16px;\">Er wird in der traditionellen chinesischen Medizin zu den wirksamsten Heilpilzen gez\u00e4hlt.<\/p>\n<div id=\"toc\" style=\"font-size: 16px;\"><\/div>\n<h2 style=\"font-size: 16px;\">Merkmale<\/h2>\n<p style=\"font-size: 16px;\">Er besitzt einen hell- bis dunkelbraunen Hut und w\u00e4chst auf verschiedenen Laubb\u00e4umen, vorzugsweise auf solchen mit hartem Holz. In China und Japan wird er schon seit langem angebaut, z.\u00a0B. auf Buche, Eiche, E\u00dfkastanie, Ahorn, Walnu\u00df und anderen. Die Lamellen laufen etwas am Stiel herab und sind glatt bis rauh. Der Stiel ist meist in der Mitte des Hutes, kann aber auch etwas seitlich ansetzen. Der Hutrand ist im jungen Stadium noch nach innen eingerollt. Die Huthaut ist meist mit zarten Flocken bedeckt. In China wird der Shiitake \u9999\u83c7 (xi\u0101ngg\u016b) oder \u51ac\u83c7 (d\u014dngg\u016b) genannt, was mit \u201egut duftender Pilz\u201c oder \u201ePilz f\u00fcr den Winter\u201c umschrieben werden kann und sich auf den feinen, pilzigen Geruch bezieht, den er im frischen Zustand verstr\u00f6mt.<\/p>\n<h2 style=\"font-size: 16px;\">Verbreitung<\/h2>\n<div style=\"font-size: 16px;\"><\/div>\n<p style=\"font-size: 16px;\">In den W\u00e4ldern Chinas und Japans kommt er wildwachsend vor, doch stammen auch die dort auf dem Markt erh\u00e4ltlichen Pilze allesamt aus Zuchtbetrieben. In Europa und Nordamerika kommt er in freier Natur nicht vor, wird aber auch hier in steigendem Ma\u00dfe kultiviert.<\/p>\n<h2 style=\"font-size: 16px;\">Bedeutung<\/h2>\n<div style=\"font-size: 16px;\">\n<div style=\"font-size: 16px;\">\n<div style=\"font-size: 16px;\">\n<div style=\"font-size: 16px;\"><\/div>\n<p style=\"font-size: 16px;\">Gekochte Shiitake mit Knoblauch<\/p>\n<\/div>\n<\/div>\n<\/div>\n<h3 style=\"font-size: 16px;\">Speisepilz<\/h3>\n<p style=\"font-size: 16px;\">Nach dem Champignon ist er der meistangebaute Speisepilz \u00fcberhaupt; in Ostasien ist er die Nummer Eins unter den angebauten Pilzen, auch in Ru\u00dfland ist er inzwischen sehr verbreitet. Im Wesentlichen gibt es auf dem Markt zwei Typen: der meistverkaufte <i>Donko<\/i>, <i>Tongku<\/i> oder <i>Tong Gu<\/i>, ein dickfleischiger, fester Pilz mit kaum ge\u00f6ffnetem Hut und <i>Koshin<\/i>, ein d\u00fcnn-fleischiger Pilz mit weit ge\u00f6ffnetem Hut.<\/p>\n<p style=\"font-size: 16px;\">Shiitake besitzen die Geschmacksqualit\u00e4t Umami. Die moderne Wissenschaft hat inzwischen Umami als f\u00fcnfte \u00fcber die Zunge wahrnehmbare Geschmacksqualit\u00e4t neben s\u00fc\u00df, salzig, bitter und sauer anerkannt. Umami entsteht durch die Anwesenheit von Glutamat und aktiviert spezielle Geschmacksrezeptoren auf der Zunge. Es ist mitbestimmend f\u00fcr den Geschmack von eiwei\u00dfreichen Nahrungsmitteln wie Fleisch, H\u00fclsenfr\u00fcchten oder einigen Pilzen.<\/p>\n<div id=\"attachment_163\" style=\"width: 764px\" class=\"wp-caption alignnone\"><a href=\"https:\/\/i0.wp.com\/mushroomreishi.com\/wp-content\/uploads\/2013\/10\/2006-03-02-080.jpg\"><img data-recalc-dims=\"1\" loading=\"lazy\" decoding=\"async\" aria-describedby=\"caption-attachment-163\" class=\"size-large wp-image-163\" alt=\"Shiitake \/  Leninula edodes\" src=\"https:\/\/i0.wp.com\/mushroomreishi.com\/wp-content\/uploads\/2013\/10\/2006-03-02-080-1024x768.jpg?resize=678%2C508\" width=\"678\" height=\"508\" srcset=\"https:\/\/i0.wp.com\/mexikanischetortillas.de\/wp-content\/uploads\/2013\/10\/2006-03-02-080.jpg?resize=1024%2C768&amp;ssl=1 1024w, https:\/\/i0.wp.com\/mexikanischetortillas.de\/wp-content\/uploads\/2013\/10\/2006-03-02-080.jpg?resize=300%2C225&amp;ssl=1 300w, https:\/\/i0.wp.com\/mexikanischetortillas.de\/wp-content\/uploads\/2013\/10\/2006-03-02-080.jpg?w=1600&amp;ssl=1 1600w, https:\/\/i0.wp.com\/mexikanischetortillas.de\/wp-content\/uploads\/2013\/10\/2006-03-02-080.jpg?w=1356 1356w\" sizes=\"auto, (max-width: 678px) 100vw, 678px\" \/><\/a><p id=\"caption-attachment-163\" class=\"wp-caption-text\">Shiitake \/ Leninula edodes<\/p><\/div>\n<h3 style=\"font-size: 16px;\">Volksmedizin<\/h3>\n<p style=\"font-size: 16px;\">In Japan und China finden Shiitake als medizinische Speisen (= <i>Yakuzen<\/i>), wie andere Pilze und Gem\u00fcse, eine gezielte Anwendung bei Entz\u00fcndungen, Tumoren, Magenleiden, Kopfschmerz, Schwindelgef\u00fchlen, Leberzirrhose und Arteriosklerose. H\u00e4ufigere Mahlzeiten mit Shiitake sollen die genannten Beschwerden lindern. Zu diesem Zweck werden die Pilze gekocht, gebraten oder in Alufolie ged\u00fcnstet. Dazu gibt es gekochten Reis, Sushi oder Gem\u00fcse. Gew\u00fcrzt wird das ganze mit Miso, Sojaso\u00dfe oder Tomatenso\u00dfe.<\/p>\n<h3 style=\"font-size: 16px;\">Geschichte<\/h3>\n<p style=\"font-size: 16px;\">Shiitake wird seit Tausenden von Jahren in China und auch in Japan als Nahrungsmittel und als Medizin gesch\u00e4tzt. Der Shiitake war f\u00fcr die Menschen damals so wertvoll, dass er als Geschenk f\u00fcr Kaiser und K\u00f6nige taugte: So sollen im Jahre 199 die Bewohner der japanischen Provinz\u00a0Ky\u016bsh\u016b dem damaligen Kaiser Ch\u016bai Shiitake als Geschenk dargebracht haben. Es gibt aber auch noch weit \u00e4ltere chinesische Quellen \u00fcber den Gebrauch von Shiitake.<\/p>\n<p style=\"font-size: 16px;\">Quelle: Wikipedia<\/p>","protected":false},"excerpt":{"rendered":"<p>Der Shiitake oder Shii-Take (Lentinula edodes, syn. Lentinus edodes) (chinesisch\u00a0\u9999\u83c7 \/ \u51ac\u83c7, japanisch \u690e\u8338) ist eine Pilzart aus der Familie der Schwindlingsverwandten (Marasmiaceae). Eine Zeit lang wurde er den Schwindlingsverwandten <a class=\"more-link\" href=\"https:\/\/mexikanischetortillas.de\/en\/shiitake-lentinula-edodes\/\">Continue Reading \u2192<\/a><\/p>","protected":false},"author":1,"featured_media":0,"parent":0,"menu_order":16,"comment_status":"open","ping_status":"open","template":"","meta":{"footnotes":""},"class_list":["post-389","page","type-page","status-publish","hentry"],"_links":{"self":[{"href":"https:\/\/mexikanischetortillas.de\/en\/wp-json\/wp\/v2\/pages\/389","targetHints":{"allow":["GET"]}}],"collection":[{"href":"https:\/\/mexikanischetortillas.de\/en\/wp-json\/wp\/v2\/pages"}],"about":[{"href":"https:\/\/mexikanischetortillas.de\/en\/wp-json\/wp\/v2\/types\/page"}],"author":[{"embeddable":true,"href":"https:\/\/mexikanischetortillas.de\/en\/wp-json\/wp\/v2\/users\/1"}],"replies":[{"embeddable":true,"href":"https:\/\/mexikanischetortillas.de\/en\/wp-json\/wp\/v2\/comments?post=389"}],"version-history":[{"count":6,"href":"https:\/\/mexikanischetortillas.de\/en\/wp-json\/wp\/v2\/pages\/389\/revisions"}],"predecessor-version":[{"id":396,"href":"https:\/\/mexikanischetortillas.de\/en\/wp-json\/wp\/v2\/pages\/389\/revisions\/396"}],"wp:attachment":[{"href":"https:\/\/mexikanischetortillas.de\/en\/wp-json\/wp\/v2\/media?parent=389"}],"curies":[{"name":"wp","href":"https:\/\/api.w.org\/{rel}","templated":true}]}}