{"id":420,"date":"2013-11-04T20:46:27","date_gmt":"2013-11-04T20:46:27","guid":{"rendered":"http:\/\/mushroomreishi.com\/?page_id=420"},"modified":"2013-11-04T20:50:38","modified_gmt":"2013-11-04T20:50:38","slug":"schmetterlingsporling-trametes-versicolor","status":"publish","type":"page","link":"https:\/\/mexikanischetortillas.de\/en\/schmetterlingsporling-trametes-versicolor\/","title":{"rendered":"Schmetterlingsporling \/ Trametes versicolor"},"content":{"rendered":"<p style=\"font-size: 18px;\"><a href=\"https:\/\/i0.wp.com\/mushroomreishi.com\/wp-content\/uploads\/2013\/10\/2007-02-12-014-e1382974977265.jpg\"><img data-recalc-dims=\"1\" loading=\"lazy\" decoding=\"async\" class=\"wp-image-98 alignleft\" alt=\"Exif JPEG\" src=\"https:\/\/i0.wp.com\/mushroomreishi.com\/wp-content\/uploads\/2013\/10\/2007-02-12-014-e1382974977265-1024x1024.jpg?resize=271%2C271\" width=\"271\" height=\"271\" srcset=\"https:\/\/i0.wp.com\/mexikanischetortillas.de\/wp-content\/uploads\/2013\/10\/2007-02-12-014-e1382974977265.jpg?resize=1024%2C1024&amp;ssl=1 1024w, https:\/\/i0.wp.com\/mexikanischetortillas.de\/wp-content\/uploads\/2013\/10\/2007-02-12-014-e1382974977265.jpg?resize=150%2C150&amp;ssl=1 150w, https:\/\/i0.wp.com\/mexikanischetortillas.de\/wp-content\/uploads\/2013\/10\/2007-02-12-014-e1382974977265.jpg?resize=100%2C100&amp;ssl=1 100w, https:\/\/i0.wp.com\/mexikanischetortillas.de\/wp-content\/uploads\/2013\/10\/2007-02-12-014-e1382974977265.jpg?resize=300%2C300&amp;ssl=1 300w, https:\/\/i0.wp.com\/mexikanischetortillas.de\/wp-content\/uploads\/2013\/10\/2007-02-12-014-e1382974977265.jpg?w=1200&amp;ssl=1 1200w\" sizes=\"auto, (max-width: 271px) 100vw, 271px\" \/><\/a><\/p>\n<p style=\"font-size: 18px;\">Die <b>Schmetterlingstramete<\/b>, auch <b>Bunte Tramete<\/b> oder <b>Schmetterlingsporling<\/b> (<i>Trametes versicolor<\/i>) ist eine h\u00e4ufige holzbewohnende Pilzart aus der Gattung der Echten Trameten.<\/p>\n<div id=\"toc\" style=\"font-size: 18px;\"><\/div>\n<h2 style=\"font-size: 18px;\">Merkmale<\/h2>\n<p style=\"font-size: 18px;\">Die Schmetterlingstramete bildet 2-6, in Ausnahmef\u00e4llen auch bis 8 cm breite flache Konsolen bis rosettenf\u00f6rmige H\u00fcte aus. Die Fruchtk\u00f6rper stehen meist in gro\u00dfen Gruppen am Substrat, sie k\u00f6nnen stielartig angewachsen sein oder etwas am Substrat herablaufen, die Anwachsstelle ist bis 3 mm dick. Die feinsamtige Oberseite der relativ d\u00fcnnen H\u00fcte ist immer bunt gezont, das Farbspektrum reicht von hell- bis dunkelbraun, auch olivfarbige, bl\u00e4uliche und r\u00f6tliche T\u00f6ne k\u00f6nnen vorhanden sein. Die Zuwachszone ist wei\u00df abgesetzt, der Hutrand flatterig-wellig, etwas gekerbt und scharf. Auf der Hutoberfl\u00e4che finden sich seidig-gl\u00e4nzende blaue bis schwarze Zonen. Die wei\u00dfe Unterseite der H\u00fcte ist mit feinen (3-5 pro mm), rundlich-eckigen Poren besetzt.<\/p>\n<p style=\"font-size: 18px;\">Von der \u00e4hnlichen Zonentramete unterscheidet sich die Schmetterlingstramete durch die seidig-gl\u00e4nzenden Zonen der Hutoberfl\u00e4che, die der Zonentramete fehlen, sowie die d\u00fcnnen Anwachsstellen, die bei der Zonentramete bis zu 10 mm dick sein k\u00f6nnen. Da es sich bei der Schmetterlingstramete um eine sehr variable Art handelt, ist die Abtrennung zur Zonentramete und teilweise auch zur Striegeligen Tramete nicht immer einfach.<\/p>\n<h2 style=\"font-size: 18px;\">\u00d6kologie<\/h2>\n<p style=\"font-size: 18px;\">Die Schmetterlingstramete ist ein h\u00e4ufiger saprobiontischer Holzbewohner oder Schw\u00e4cheparasit, ihr Hauptsubstrat ist in Mitteleuropa die Rotbuche, seltener an Eiche, Birke, Gemeine Hasel und Weide. Daneben kann die Schmetterlingstramete an vielen weiteren Laubh\u00f6lzern, nicht selten auch an Nadelholz vorkommen. Sie w\u00e4chst auf St\u00fcmpfen, Stapelholz, liegenden St\u00e4mmen, \u00c4sten und Zweigen. Die Art ist in Mitteleuropa in allen Waldtypen anzutreffen, dar\u00fcber hinaus auch au\u00dferhalb von W\u00e4ldern, wenn geeignetes Substrat vorhanden ist. Die Fruchtk\u00f6rper sind einj\u00e4hrig, die Art kann ganzj\u00e4hrig gefunden werden, im Mitteleuropa erscheinen frische Fruchtk\u00f6rper vor allem ab Ende Mai bis August.<a href=\"https:\/\/i0.wp.com\/mushroomreishi.com\/wp-content\/uploads\/2013\/11\/2006-03-02-120.jpg\"><img data-recalc-dims=\"1\" loading=\"lazy\" decoding=\"async\" class=\"wp-image-423 alignright\" alt=\"Exif JPEG\" src=\"https:\/\/i0.wp.com\/mushroomreishi.com\/wp-content\/uploads\/2013\/11\/2006-03-02-120-1024x768.jpg?resize=271%2C203\" width=\"271\" height=\"203\" srcset=\"https:\/\/i0.wp.com\/mexikanischetortillas.de\/wp-content\/uploads\/2013\/11\/2006-03-02-120.jpg?resize=1024%2C768&amp;ssl=1 1024w, https:\/\/i0.wp.com\/mexikanischetortillas.de\/wp-content\/uploads\/2013\/11\/2006-03-02-120.jpg?resize=300%2C225&amp;ssl=1 300w, https:\/\/i0.wp.com\/mexikanischetortillas.de\/wp-content\/uploads\/2013\/11\/2006-03-02-120.jpg?w=1600&amp;ssl=1 1600w, https:\/\/i0.wp.com\/mexikanischetortillas.de\/wp-content\/uploads\/2013\/11\/2006-03-02-120.jpg?w=1356 1356w\" sizes=\"auto, (max-width: 271px) 100vw, 271px\" \/><\/a><\/p>\n<h2 style=\"font-size: 18px;\">Verbreitung<\/h2>\n<p style=\"font-size: 18px;\">Die Schmetterlingstramete ist wahrscheinlich kosmopolitisch verbreitet. In Mitteleuropa geh\u00f6rt sie zu den h\u00e4ufigsten Porlingen und kann \u00fcberall gefunden werden.<\/p>\n<h2 style=\"font-size: 18px;\">Bedeutung<\/h2>\n<p style=\"font-size: 18px;\">Die Schmetterlingstramete ist kein Speisepilz und gilt als ungenie\u00dfbar. Sie kann durch Befall von gelagertem oder verbautem Holz, wie St\u00fctzbalken in Bergwerken oder Holzbalken von Eisenbahnschienen, sch\u00e4dlich werden. Sie gilt als Heilpilz in der traditionellen chinesischen Medizin und wird manchmal in der Floristik f\u00fcr Schmuckzwecke genutzt. Fr\u00fcher wurde die Tramete auch als Schmuck in Form von Broschen oder Schnallen verwendet. Beispielsweise in Paris wurde er f\u00fcr einige Zeit gern an H\u00fcte gesteckt<\/p>\n<p>Quelle : Wikipedia<\/p>","protected":false},"excerpt":{"rendered":"<p>Die Schmetterlingstramete, auch Bunte Tramete oder Schmetterlingsporling (Trametes versicolor) ist eine h\u00e4ufige holzbewohnende Pilzart aus der Gattung der Echten Trameten. Merkmale Die Schmetterlingstramete bildet 2-6, in Ausnahmef\u00e4llen auch bis 8 <a class=\"more-link\" href=\"https:\/\/mexikanischetortillas.de\/en\/schmetterlingsporling-trametes-versicolor\/\">Continue Reading \u2192<\/a><\/p>","protected":false},"author":1,"featured_media":0,"parent":0,"menu_order":19,"comment_status":"open","ping_status":"open","template":"","meta":{"footnotes":""},"class_list":["post-420","page","type-page","status-publish","hentry"],"_links":{"self":[{"href":"https:\/\/mexikanischetortillas.de\/en\/wp-json\/wp\/v2\/pages\/420","targetHints":{"allow":["GET"]}}],"collection":[{"href":"https:\/\/mexikanischetortillas.de\/en\/wp-json\/wp\/v2\/pages"}],"about":[{"href":"https:\/\/mexikanischetortillas.de\/en\/wp-json\/wp\/v2\/types\/page"}],"author":[{"embeddable":true,"href":"https:\/\/mexikanischetortillas.de\/en\/wp-json\/wp\/v2\/users\/1"}],"replies":[{"embeddable":true,"href":"https:\/\/mexikanischetortillas.de\/en\/wp-json\/wp\/v2\/comments?post=420"}],"version-history":[{"count":3,"href":"https:\/\/mexikanischetortillas.de\/en\/wp-json\/wp\/v2\/pages\/420\/revisions"}],"predecessor-version":[{"id":424,"href":"https:\/\/mexikanischetortillas.de\/en\/wp-json\/wp\/v2\/pages\/420\/revisions\/424"}],"wp:attachment":[{"href":"https:\/\/mexikanischetortillas.de\/en\/wp-json\/wp\/v2\/media?parent=420"}],"curies":[{"name":"wp","href":"https:\/\/api.w.org\/{rel}","templated":true}]}}