{"id":1729,"date":"2021-10-01T10:03:53","date_gmt":"2021-10-01T10:03:53","guid":{"rendered":"https:\/\/mexikanischetortillas.de\/?post_type=product&#038;p=1729"},"modified":"2026-01-30T08:31:27","modified_gmt":"2026-01-30T08:31:27","slug":"mashed-vegan-beans-160ml","status":"publish","type":"product","link":"https:\/\/mexikanischetortillas.de\/en\/products-page\/maistortillas-kaufen\/mashed-vegan-beans-160ml\/","title":{"rendered":"Beans in a jar, 160ml"},"content":{"rendered":"<p>160 ml vegan bean puree, prepared with onion, garlic, and a hint of habanero chili. Ready to eat over tortillas or tamales, simply pan-fry to warm.<\/p>\n<p><span style=\"color: #525260;\"><span style=\"font-family: dmbrand, Arial, Helvetica, sans-serif;\"><span lang=\"de-DE\">Ingredients: <\/span><\/span><\/span><\/p>\n<p>Black beans, onion, garlic, sunflower oil, and habanero chili.<\/p>","protected":false},"excerpt":{"rendered":"<p>160 ml vegane Bohnenp\u00fcree, zubereitet mit Zwiebel, Knoblauch und einem Hauch von Habanero-Chili. Fertig zum Essen \u00fcber Tortillas oder Tamales, einfach anbraten, um es zu erw\u00e4rmen. Zutaten: Schwarze Bohnen, Zwiebel, <a class=\"more-link\" href=\"https:\/\/mexikanischetortillas.de\/en\/products-page\/maistortillas-kaufen\/mashed-vegan-beans-160ml\/\">Continue Reading \u2192<\/a><\/p>","protected":false},"featured_media":1733,"comment_status":"open","ping_status":"closed","template":"","meta":[],"product_brand":[],"product_cat":[42],"product_tag":[],"class_list":{"0":"post-1729","1":"product","2":"type-product","3":"status-publish","4":"has-post-thumbnail","6":"product_cat-chile-und-mole","8":"first","9":"instock","10":"taxable","11":"shipping-taxable","12":"purchasable","13":"product-type-simple"},"_links":{"self":[{"href":"https:\/\/mexikanischetortillas.de\/en\/wp-json\/wp\/v2\/product\/1729","targetHints":{"allow":["GET"]}}],"collection":[{"href":"https:\/\/mexikanischetortillas.de\/en\/wp-json\/wp\/v2\/product"}],"about":[{"href":"https:\/\/mexikanischetortillas.de\/en\/wp-json\/wp\/v2\/types\/product"}],"replies":[{"embeddable":true,"href":"https:\/\/mexikanischetortillas.de\/en\/wp-json\/wp\/v2\/comments?post=1729"}],"wp:featuredmedia":[{"embeddable":true,"href":"https:\/\/mexikanischetortillas.de\/en\/wp-json\/wp\/v2\/media\/1733"}],"wp:attachment":[{"href":"https:\/\/mexikanischetortillas.de\/en\/wp-json\/wp\/v2\/media?parent=1729"}],"wp:term":[{"taxonomy":"product_brand","embeddable":true,"href":"https:\/\/mexikanischetortillas.de\/en\/wp-json\/wp\/v2\/product_brand?post=1729"},{"taxonomy":"product_cat","embeddable":true,"href":"https:\/\/mexikanischetortillas.de\/en\/wp-json\/wp\/v2\/product_cat?post=1729"},{"taxonomy":"product_tag","embeddable":true,"href":"https:\/\/mexikanischetortillas.de\/en\/wp-json\/wp\/v2\/product_tag?post=1729"}],"curies":[{"name":"wp","href":"https:\/\/api.w.org\/{rel}","templated":true}]}}