{"id":1772,"date":"2022-02-23T21:26:07","date_gmt":"2022-02-23T21:26:07","guid":{"rendered":"https:\/\/mexikanischetortillas.de\/?post_type=product&#038;p=1772"},"modified":"2025-10-21T18:55:19","modified_gmt":"2025-10-21T18:55:19","slug":"mexikanische-sopes-10cm-6stk-250g","status":"publish","type":"product","link":"https:\/\/mexikanischetortillas.de\/en\/products-page\/maistortillas-kaufen\/mexikanische-sopes-10cm-6stk-250g\/","title":{"rendered":"Corn sopes 10cm 6pcs. 250g"},"content":{"rendered":"<p>6 Sopes 10 cm Durchmesser<\/p>\n<p>Baked over fire from nixtamal, handmade like a hundred years ago in Mexico.<\/p>\n<p>Our corn sopes are an absolute treat made from organic corn<\/p>\n<p>Gluten free, suitable for allergy sufferers<\/p>\n<p>Ohne Konservierungsstoffe deshalb versenden wir nur innerhalb Deutschland und nur bis Donnerstag, wenn sie die Tortillas erhalten k\u00f6nnen sie diese noch ohne weiteres f\u00fcr drei Tage im K\u00fchlschrank aufbewahren wollen sie die Tortillas l\u00e4nger aufbewahren sollten diese, sofort nach dem Erhalt, eingefroren werden.<\/p>\n<p>Simply warm in the toaster, oven or in a pan without fat, or bake.<\/p>","protected":false},"excerpt":{"rendered":"<p>6 Sopes 10 cm Durchmesser \u00dcber dem Feuer gebacken aus Nixtamal handgemacht wie vor hundert Jahren in Mexiko. Unsere Sopes sind ein absoluter Hochgenu\u00df aus Bio Mais Glutenfrei, f\u00fcr Allergiker <a class=\"more-link\" href=\"https:\/\/mexikanischetortillas.de\/en\/products-page\/maistortillas-kaufen\/mexikanische-sopes-10cm-6stk-250g\/\">Continue Reading \u2192<\/a><\/p>","protected":false},"featured_media":578,"comment_status":"open","ping_status":"closed","template":"","meta":[],"product_brand":[],"product_cat":[61],"product_tag":[],"class_list":{"0":"post-1772","1":"product","2":"type-product","3":"status-publish","4":"has-post-thumbnail","6":"product_cat-sopes","8":"first","9":"instock","10":"taxable","11":"shipping-taxable","12":"purchasable","13":"product-type-simple"},"_links":{"self":[{"href":"https:\/\/mexikanischetortillas.de\/en\/wp-json\/wp\/v2\/product\/1772","targetHints":{"allow":["GET"]}}],"collection":[{"href":"https:\/\/mexikanischetortillas.de\/en\/wp-json\/wp\/v2\/product"}],"about":[{"href":"https:\/\/mexikanischetortillas.de\/en\/wp-json\/wp\/v2\/types\/product"}],"replies":[{"embeddable":true,"href":"https:\/\/mexikanischetortillas.de\/en\/wp-json\/wp\/v2\/comments?post=1772"}],"wp:featuredmedia":[{"embeddable":true,"href":"https:\/\/mexikanischetortillas.de\/en\/wp-json\/wp\/v2\/media\/578"}],"wp:attachment":[{"href":"https:\/\/mexikanischetortillas.de\/en\/wp-json\/wp\/v2\/media?parent=1772"}],"wp:term":[{"taxonomy":"product_brand","embeddable":true,"href":"https:\/\/mexikanischetortillas.de\/en\/wp-json\/wp\/v2\/product_brand?post=1772"},{"taxonomy":"product_cat","embeddable":true,"href":"https:\/\/mexikanischetortillas.de\/en\/wp-json\/wp\/v2\/product_cat?post=1772"},{"taxonomy":"product_tag","embeddable":true,"href":"https:\/\/mexikanischetortillas.de\/en\/wp-json\/wp\/v2\/product_tag?post=1772"}],"curies":[{"name":"wp","href":"https:\/\/api.w.org\/{rel}","templated":true}]}}