{"id":1871,"date":"2022-05-28T21:57:36","date_gmt":"2022-05-28T21:57:36","guid":{"rendered":"https:\/\/mexikanischetortillas.de\/?post_type=product&#038;p=1871"},"modified":"2025-10-21T18:16:56","modified_gmt":"2025-10-21T18:16:56","slug":"sparbox-mit-8-x-mexikanische-tortillas-15cm-15stk-500g","status":"publish","type":"product","link":"https:\/\/mexikanischetortillas.de\/en\/products-page\/maistortillas-kaufen\/sparbox-mit-8-x-mexikanische-tortillas-15cm-15stk-500g\/","title":{"rendered":"Corn tortillas saving box 4Kg with 8 x 15cm 15pcs. 500g"},"content":{"rendered":"<p>8 x 15 Tortillas 15 cm Durchmesser<\/p>\n<p>Baked over fire from nixtamal, handmade like a hundred years ago in Mexico.<\/p>\n<p>Our corn tortillas are an absolute treat made from organic corn<\/p>\n<p>Gluten free, suitable for allergy sufferers<\/p>\n<p>Ohne Konservierungsstoffe deshalb versenden wir nur innerhalb Deutschland und nur bis Donnerstag, wenn sie die Tortillas erhalten k\u00f6nnen sie diese noch ohne weiteres f\u00fcr drei Tage im K\u00fchlschrank aufbewahren wollen sie die Tortillas l\u00e4nger aufbewahren sollten diese, sofort nach dem Erhalt, eingefroren werden.<\/p>\n<p>Simply warm in the toaster, oven or in a pan without fat, or bake.<\/p>","protected":false},"excerpt":{"rendered":"<p>[product_category category=\"tortilla\" per_page=\"12\" columns=\"4\" orderby=\"date\" order=\"desc\"] <a class=\"more-link\" href=\"https:\/\/mexikanischetortillas.de\/en\/products-page\/maistortillas-kaufen\/sparbox-mit-8-x-mexikanische-tortillas-15cm-15stk-500g\/\">Continue Reading \u2192<\/a><\/p>\n","protected":false},"featured_media":2762,"comment_status":"open","ping_status":"closed","template":"","meta":[],"product_brand":[],"product_cat":[63,70],"product_tag":[],"class_list":{"0":"post-1871","1":"product","2":"type-product","3":"status-publish","4":"has-post-thumbnail","6":"product_cat-mais-tortillas-15cm","7":"product_cat-mais-tortillas-angebot","9":"first","10":"instock","11":"sale","12":"taxable","13":"shipping-taxable","14":"purchasable","15":"product-type-simple"},"_links":{"self":[{"href":"https:\/\/mexikanischetortillas.de\/en\/wp-json\/wp\/v2\/product\/1871","targetHints":{"allow":["GET"]}}],"collection":[{"href":"https:\/\/mexikanischetortillas.de\/en\/wp-json\/wp\/v2\/product"}],"about":[{"href":"https:\/\/mexikanischetortillas.de\/en\/wp-json\/wp\/v2\/types\/product"}],"replies":[{"embeddable":true,"href":"https:\/\/mexikanischetortillas.de\/en\/wp-json\/wp\/v2\/comments?post=1871"}],"wp:featuredmedia":[{"embeddable":true,"href":"https:\/\/mexikanischetortillas.de\/en\/wp-json\/wp\/v2\/media\/2762"}],"wp:attachment":[{"href":"https:\/\/mexikanischetortillas.de\/en\/wp-json\/wp\/v2\/media?parent=1871"}],"wp:term":[{"taxonomy":"product_brand","embeddable":true,"href":"https:\/\/mexikanischetortillas.de\/en\/wp-json\/wp\/v2\/product_brand?post=1871"},{"taxonomy":"product_cat","embeddable":true,"href":"https:\/\/mexikanischetortillas.de\/en\/wp-json\/wp\/v2\/product_cat?post=1871"},{"taxonomy":"product_tag","embeddable":true,"href":"https:\/\/mexikanischetortillas.de\/en\/wp-json\/wp\/v2\/product_tag?post=1871"}],"curies":[{"name":"wp","href":"https:\/\/api.w.org\/{rel}","templated":true}]}}