{"id":2094,"date":"2023-03-10T10:40:03","date_gmt":"2023-03-10T10:40:03","guid":{"rendered":"https:\/\/mexikanischetortillas.de\/?post_type=product&#038;p=2094"},"modified":"2026-02-16T08:56:44","modified_gmt":"2026-02-16T08:56:44","slug":"tamales-con-salsa-verde-y-pollo-500g","status":"publish","type":"product","link":"https:\/\/mexikanischetortillas.de\/en\/products-page\/maistortillas-kaufen\/tamales-con-salsa-verde-y-pollo-500g\/","title":{"rendered":"Tamales with green sauce and chicken 500g"},"content":{"rendered":"<p class=\"translation-block\">Tamales with green sauce and chicken<\/p>\n<p><span style=\"color: #444444;\"><span style=\"font-family: Arial, Helvetica, sans-serif;\"><span style=\"font-size: medium;\">Mexican handmade Tamales!\nHome delivery, within Germany.\nAll our products are homemade style. We use organic corn\nto prepare our corn products as well as the traditional\nprocess to prepare the corn called, nixtamalization.<\/span><\/span><\/span><\/p>\n<p><span style=\"color: #444444;\"><span style=\"font-family: Arial, Helvetica, sans-serif;\"><span style=\"font-size: medium;\">With the service of DHL, your order normally is delivered next day. It is\nyour responsibility to catch the delivery using the Tracking link that you will\nreceive by E-mail. Please freeze or refrigerate tamales and other corn\nproducts upon arrival.\nOur products are made fresh and then vacuum-packed.\nTamales are frozen before shipping.\nWe ship with DRY ICE to keep them cooled during transportation.<\/span><\/span><\/span><\/p>\n<p><span style=\"color: #444444;\"><span style=\"font-family: Arial, Helvetica, sans-serif;\"><span style=\"font-size: medium;\">Heating tips for TAMALES:.<\/span><\/span><\/span><\/p>\n<p><span style=\"color: #444444;\"><span style=\"font-family: Arial, Helvetica, sans-serif;\"><span style=\"font-size: medium;\">Heating tips for TAMALES:\nOven: At 180*c they need about 20 Minutes depending on the size of\nTamal.\nSteamer: frozen or thawed, with husk 20-35 min. or until soft. Place the\nopening from corn leaf facing up, this makes them easier to take out with\nout them falling out of the corn leaf.\nFrying Pan: fry in the husk. You can add 1cm of water to the pan, cover it,\nheat on low to medium heat for 10-15 min. Remove lid. Once water is gone,\nfry it a bit more on each side.\nMicrowave: Leave the husk on and wrap them in a damp paper towel. Heat\nfor two to five minutes depending on the size of the tamale.<\/span><\/span><\/span><\/p>","protected":false},"excerpt":{"rendered":"<p>Tamales mit gr\u00fcner So\u00dfe und H\u00fchnchen Mexikanische handgemachte Tamales! Hauslieferung innerhalb Deutschlands. Alle unsere Produkte sind hausgemacht. Wir verwenden Bio-Mais zur Zubereitung unserer Maiserzeugnisse sowie das traditionelle Verfahren zur Zubereitung <a class=\"more-link\" href=\"https:\/\/mexikanischetortillas.de\/en\/products-page\/maistortillas-kaufen\/tamales-con-salsa-verde-y-pollo-500g\/\">Continue Reading \u2192<\/a><\/p>","protected":false},"featured_media":2721,"comment_status":"open","ping_status":"closed","template":"","meta":[],"product_brand":[],"product_cat":[80],"product_tag":[],"class_list":{"0":"post-2094","1":"product","2":"type-product","3":"status-publish","4":"has-post-thumbnail","6":"product_cat-tamales-kaufen","8":"first","9":"instock","10":"taxable","11":"shipping-taxable","12":"purchasable","13":"product-type-simple"},"_links":{"self":[{"href":"https:\/\/mexikanischetortillas.de\/en\/wp-json\/wp\/v2\/product\/2094","targetHints":{"allow":["GET"]}}],"collection":[{"href":"https:\/\/mexikanischetortillas.de\/en\/wp-json\/wp\/v2\/product"}],"about":[{"href":"https:\/\/mexikanischetortillas.de\/en\/wp-json\/wp\/v2\/types\/product"}],"replies":[{"embeddable":true,"href":"https:\/\/mexikanischetortillas.de\/en\/wp-json\/wp\/v2\/comments?post=2094"}],"wp:featuredmedia":[{"embeddable":true,"href":"https:\/\/mexikanischetortillas.de\/en\/wp-json\/wp\/v2\/media\/2721"}],"wp:attachment":[{"href":"https:\/\/mexikanischetortillas.de\/en\/wp-json\/wp\/v2\/media?parent=2094"}],"wp:term":[{"taxonomy":"product_brand","embeddable":true,"href":"https:\/\/mexikanischetortillas.de\/en\/wp-json\/wp\/v2\/product_brand?post=2094"},{"taxonomy":"product_cat","embeddable":true,"href":"https:\/\/mexikanischetortillas.de\/en\/wp-json\/wp\/v2\/product_cat?post=2094"},{"taxonomy":"product_tag","embeddable":true,"href":"https:\/\/mexikanischetortillas.de\/en\/wp-json\/wp\/v2\/product_tag?post=2094"}],"curies":[{"name":"wp","href":"https:\/\/api.w.org\/{rel}","templated":true}]}}