{"id":2105,"date":"2023-03-10T21:08:36","date_gmt":"2023-03-10T21:08:36","guid":{"rendered":"https:\/\/mexikanischetortillas.de\/?post_type=product&#038;p=2105"},"modified":"2026-02-16T08:59:26","modified_gmt":"2026-02-16T08:59:26","slug":"tamales-vegetarianos-con-salsa-roja-y-queso-500g","status":"publish","type":"product","link":"https:\/\/mexikanischetortillas.de\/en\/products-page\/maistortillas-kaufen\/tamales-vegetarianos-con-salsa-roja-y-queso-500g\/","title":{"rendered":"\/ Tamales vegetarian with red sauce and cheese 500g"},"content":{"rendered":"<p>Tamales vegetarisch mit roter So\u00dfe und K\u00e4se*<\/p>\n<p>Without chili<\/p>\n<p><span style=\"color: #444444;\"><span style=\"font-family: Arial, Helvetica, sans-serif;\"><span style=\"font-size: medium;\">Mexican handmade Tamales!\nHome delivery, within Germany.\nAll our products are homemade style. We use organic corn\nto prepare our corn products as well as the traditional\nprocess to prepare the corn called, nixtamalization.<\/span><\/span><\/span><\/p>\n<p><span style=\"color: #444444;\"><span style=\"font-family: Arial, Helvetica, sans-serif;\"><span style=\"font-size: medium;\">With the service of DHL, your order normally is delivered next day. It is\nyour responsibility to catch the delivery using the Tracking link that you will\nreceive by E-mail. Please freeze or refrigerate tamales and other corn\nproducts upon arrival.\nOur products are made fresh and then vacuum-packed.\nTamales are frozen before shipping.\nWe ship with DRY ICE to keep them cooled during transportation.<\/span><\/span><\/span><\/p>\n<p><span style=\"color: #444444;\"><span style=\"font-family: Arial, Helvetica, sans-serif;\"><span style=\"font-size: medium;\">Heating tips for TAMALES:.<\/span><\/span><\/span><\/p>\n<p><span style=\"color: #444444;\"><span style=\"font-family: Arial, Helvetica, sans-serif;\"><span style=\"font-size: medium;\">Backofen: Bei 180*c ben\u00f6tigen sie ca. 20 Minuten, abh\u00e4ngig von der Gr\u00f6\u00dfe des Tamales. Dampfgarer: gefroren oder aufgetaut, mit Schale 20-35 min. oder bis sie weich sind. Legen Sie die \u00d6ffnung vom Maiskornblatt nach oben, das macht es einfacher, sie herauszunehmen, ohne dass sie aus dem Maiskornblatt fallen. Bratpfanne: in der Schale braten. Sie k\u00f6nnen 1 cm Wasser in die Pfanne geben, abdecken, bei schwacher bis mittlerer Hitze 10-15 Minuten erhitzen. Deckel entfernen. Sobald das Wasser weg ist, braten Sie es noch etwas auf jeder Seite. Mikrowelle: Lassen Sie die Schale darauf und wickeln Sie sie in ein feuchtes Papiertuch. Erhitzen f\u00fcr zwei bis f\u00fcnf Minuten, abh\u00e4ngig von der Gr\u00f6\u00dfe des Tamales.<\/span><\/span><\/span><\/p>","protected":false},"excerpt":{"rendered":"<p>Tamales vegetarisch mit roter So\u00dfe und K\u00e4se* *Ohne Chili Mexikanische handgemachte Tamales! Hauslieferung innerhalb Deutschlands. Alle unsere Produkte sind hausgemacht. Wir verwenden Bio-Mais zur Zubereitung unserer Maiserzeugnisse sowie das traditionelle <a class=\"more-link\" href=\"https:\/\/mexikanischetortillas.de\/en\/products-page\/maistortillas-kaufen\/tamales-vegetarianos-con-salsa-roja-y-queso-500g\/\">Continue Reading \u2192<\/a><\/p>","protected":false},"featured_media":2720,"comment_status":"open","ping_status":"closed","template":"","meta":[],"product_brand":[],"product_cat":[80],"product_tag":[],"class_list":{"0":"post-2105","1":"product","2":"type-product","3":"status-publish","4":"has-post-thumbnail","6":"product_cat-tamales-kaufen","8":"first","9":"instock","10":"taxable","11":"shipping-taxable","12":"purchasable","13":"product-type-simple"},"_links":{"self":[{"href":"https:\/\/mexikanischetortillas.de\/en\/wp-json\/wp\/v2\/product\/2105","targetHints":{"allow":["GET"]}}],"collection":[{"href":"https:\/\/mexikanischetortillas.de\/en\/wp-json\/wp\/v2\/product"}],"about":[{"href":"https:\/\/mexikanischetortillas.de\/en\/wp-json\/wp\/v2\/types\/product"}],"replies":[{"embeddable":true,"href":"https:\/\/mexikanischetortillas.de\/en\/wp-json\/wp\/v2\/comments?post=2105"}],"wp:featuredmedia":[{"embeddable":true,"href":"https:\/\/mexikanischetortillas.de\/en\/wp-json\/wp\/v2\/media\/2720"}],"wp:attachment":[{"href":"https:\/\/mexikanischetortillas.de\/en\/wp-json\/wp\/v2\/media?parent=2105"}],"wp:term":[{"taxonomy":"product_brand","embeddable":true,"href":"https:\/\/mexikanischetortillas.de\/en\/wp-json\/wp\/v2\/product_brand?post=2105"},{"taxonomy":"product_cat","embeddable":true,"href":"https:\/\/mexikanischetortillas.de\/en\/wp-json\/wp\/v2\/product_cat?post=2105"},{"taxonomy":"product_tag","embeddable":true,"href":"https:\/\/mexikanischetortillas.de\/en\/wp-json\/wp\/v2\/product_tag?post=2105"}],"curies":[{"name":"wp","href":"https:\/\/api.w.org\/{rel}","templated":true}]}}